{"id":180,"date":"2014-09-06T12:49:02","date_gmt":"2014-09-06T10:49:02","guid":{"rendered":"http:\/\/rosagabriel.de\/trialog\/?page_id=180"},"modified":"2015-05-12T17:29:41","modified_gmt":"2015-05-12T15:29:41","slug":"wegeengel","status":"publish","type":"page","link":"https:\/\/rosagabriel.de\/trialog\/wegeengel\/","title":{"rendered":"Wegeengel \/ L&#8217;angelo del cammino"},"content":{"rendered":"<p>Ohne Hilfestellung w\u00e4re solche ein Weg nicht zu gehen.<br \/>\nMenschen, die der Pilgerin im Vor\u00fcbergehen aufmunternd zul\u00e4cheln oder zu einem Gespr\u00e4ch stehen bleiben, die eine warme Suppe oder k\u00fchles Wasser anbieten, den Gang auf die Toilette erlauben oder der Fremden ihre T\u00fcr \u00f6ffnen und f\u00fcr die Nacht Obdach gew\u00e4hren, Menschen, die das Vorhaben guthei\u00dfen und die Gehende mit ihrem Segen entlassen, all ihnen sei Dank.<br \/>\nFotos ihrer die Sch\u00fchchen haltenden H\u00e4nde, versehen nur mit dem Vornamen, weist sie als Mittragende, als Wegengel aus, und werden gemeinsam mit den Sch\u00fchchen \u00fcbergeben werden.<\/p>\n<div id='gallery-1' class='gallery galleryid-180 gallery-columns-3 gallery-size-thumbnail'><figure class='gallery-item'>\n\t\t\t<div class='gallery-icon landscape'>\n\t\t\t\t<a href='https:\/\/rosagabriel.de\/trialog\/wegeengel\/wolfgang-2\/'><img loading=\"lazy\" decoding=\"async\" width=\"150\" height=\"150\" src=\"https:\/\/rosagabriel.de\/trialog\/wp-content\/uploads\/2014\/09\/wolfgang1-150x150.jpg\" class=\"attachment-thumbnail size-thumbnail\" alt=\"\" style=\"width:100%;height:75%;max-width:2048px;\" \/><\/a>\n\t\t\t<\/div><\/figure><figure class='gallery-item'>\n\t\t\t<div class='gallery-icon landscape'>\n\t\t\t\t<a href='https:\/\/rosagabriel.de\/trialog\/wegeengel\/frederike\/'><img loading=\"lazy\" decoding=\"async\" width=\"150\" height=\"150\" src=\"https:\/\/rosagabriel.de\/trialog\/wp-content\/uploads\/2014\/09\/Frederike-150x150.jpg\" class=\"attachment-thumbnail size-thumbnail\" alt=\"\" style=\"width:100%;height:75%;max-width:2048px;\" \/><\/a>\n\t\t\t<\/div><\/figure><figure class='gallery-item'>\n\t\t\t<div class='gallery-icon landscape'>\n\t\t\t\t<a href='https:\/\/rosagabriel.de\/trialog\/wegeengel\/bernward\/'><img loading=\"lazy\" decoding=\"async\" width=\"150\" height=\"150\" src=\"https:\/\/rosagabriel.de\/trialog\/wp-content\/uploads\/2014\/09\/bernward-150x150.jpg\" class=\"attachment-thumbnail size-thumbnail\" alt=\"\" style=\"width:100%;height:75%;max-width:2048px;\" \/><\/a>\n\t\t\t<\/div><\/figure>\n\t\t<\/div>\n\n<p>Senza aiutotale cammino non potrebbe essere andato.<br \/>\nUomini, che arridono incoraggiante alla pellegrina oppure si fermano per un discorso, che offrono una zuppa calda o un&#8217;acqua fresca, che permettono l&#8217;andata al gabinetto o aprono la porta per la straniera e offrono un posto per dormire, uomini, che sanciscono l&#8217;intenzione e che danno la benedizione alla pellegrine, grazie a tutti questi uomini.<br \/>\nFoto dei loro mani, tenendo le scarpette e corredate del nome segnano questi uomini come partecipi, come angeli del cammino. Verranno consegnate insieme con le scarpette.<\/p>\n","protected":false},"excerpt":{"rendered":"<p>Ohne Hilfestellung w\u00e4re solche ein Weg nicht zu gehen. Menschen, die der Pilgerin im Vor\u00fcbergehen aufmunternd zul\u00e4cheln oder zu einem Gespr\u00e4ch stehen bleiben, die eine warme Suppe oder k\u00fchles Wasser anbieten, den Gang auf die Toilette erlauben oder der Fremden ihre T\u00fcr \u00f6ffnen und f\u00fcr die Nacht Obdach gew\u00e4hren, Menschen, die das Vorhaben guthei\u00dfen und&hellip; <a class=\"more-link\" href=\"https:\/\/rosagabriel.de\/trialog\/wegeengel\/\"><span class=\"screen-reader-text\">Wegeengel \/ L&#8217;angelo del cammino<\/span> weiterlesen<\/a><\/p>\n","protected":false},"author":2,"featured_media":0,"parent":0,"menu_order":0,"comment_status":"closed","ping_status":"closed","template":"","meta":{"footnotes":""},"class_list":["post-180","page","type-page","status-publish","hentry","entry"],"_links":{"self":[{"href":"https:\/\/rosagabriel.de\/trialog\/wp-json\/wp\/v2\/pages\/180"}],"collection":[{"href":"https:\/\/rosagabriel.de\/trialog\/wp-json\/wp\/v2\/pages"}],"about":[{"href":"https:\/\/rosagabriel.de\/trialog\/wp-json\/wp\/v2\/types\/page"}],"author":[{"embeddable":true,"href":"https:\/\/rosagabriel.de\/trialog\/wp-json\/wp\/v2\/users\/2"}],"replies":[{"embeddable":true,"href":"https:\/\/rosagabriel.de\/trialog\/wp-json\/wp\/v2\/comments?post=180"}],"version-history":[{"count":4,"href":"https:\/\/rosagabriel.de\/trialog\/wp-json\/wp\/v2\/pages\/180\/revisions"}],"predecessor-version":[{"id":1166,"href":"https:\/\/rosagabriel.de\/trialog\/wp-json\/wp\/v2\/pages\/180\/revisions\/1166"}],"wp:attachment":[{"href":"https:\/\/rosagabriel.de\/trialog\/wp-json\/wp\/v2\/media?parent=180"}],"curies":[{"name":"wp","href":"https:\/\/api.w.org\/{rel}","templated":true}]}}